{"id":9,"date":"2018-02-06T11:11:27","date_gmt":"2018-02-06T11:11:27","guid":{"rendered":"http:\/\/faq.dmjx.dk\/?page_id=9"},"modified":"2018-05-15T12:24:55","modified_gmt":"2018-05-15T10:24:55","slug":"knowledgebase","status":"publish","type":"page","link":"https:\/\/faq.dmjx.dk\/index.php\/knowledgebase\/","title":{"rendered":"Knowledgebase"},"content":{"rendered":"<p>Views: 2033<\/p><p>Her kan du f\u00e5 hj\u00e6lp fra IT Service<\/p>\n<p>Start med at s\u00f8ge i toppen af sk\u00e6rmen<\/p>\n","protected":false},"excerpt":{"rendered":"<p>Views: 2033Her kan du f\u00e5 hj\u00e6lp fra IT Service Start med at s\u00f8ge i toppen af sk\u00e6rmen<\/p>\n","protected":false},"author":9,"featured_media":0,"parent":0,"menu_order":0,"comment_status":"closed","ping_status":"closed","template":"template-full-width.php","meta":{"footnotes":""},"class_list":["post-9","page","type-page","status-publish","hentry"],"_links":{"self":[{"href":"https:\/\/faq.dmjx.dk\/index.php\/wp-json\/wp\/v2\/pages\/9","targetHints":{"allow":["GET"]}}],"collection":[{"href":"https:\/\/faq.dmjx.dk\/index.php\/wp-json\/wp\/v2\/pages"}],"about":[{"href":"https:\/\/faq.dmjx.dk\/index.php\/wp-json\/wp\/v2\/types\/page"}],"author":[{"embeddable":true,"href":"https:\/\/faq.dmjx.dk\/index.php\/wp-json\/wp\/v2\/users\/9"}],"replies":[{"embeddable":true,"href":"https:\/\/faq.dmjx.dk\/index.php\/wp-json\/wp\/v2\/comments?post=9"}],"version-history":[{"count":8,"href":"https:\/\/faq.dmjx.dk\/index.php\/wp-json\/wp\/v2\/pages\/9\/revisions"}],"predecessor-version":[{"id":394,"href":"https:\/\/faq.dmjx.dk\/index.php\/wp-json\/wp\/v2\/pages\/9\/revisions\/394"}],"wp:attachment":[{"href":"https:\/\/faq.dmjx.dk\/index.php\/wp-json\/wp\/v2\/media?parent=9"}],"curies":[{"name":"wp","href":"https:\/\/api.w.org\/{rel}","templated":true}]}}