{"id":22,"date":"2018-02-06T12:00:08","date_gmt":"2018-02-06T12:00:08","guid":{"rendered":"http:\/\/faq.dmjx.dk\/?page_id=22"},"modified":"2022-03-29T09:22:25","modified_gmt":"2022-03-29T07:22:25","slug":"helpdesk","status":"publish","type":"page","link":"https:\/\/faq.dmjx.dk\/index.php\/helpdesk\/","title":{"rendered":"Helpdesk"},"content":{"rendered":"<p>Views: 4316<\/p>\n<p>Har du problemer med IT &#8211; s\u00e5 kontakt os endelig i helpdesken.<\/p>\n\n\n\n<p>Du kan dog starte med at s\u00f8ge en l\u00f8sning ovenfor &#8211; og hvis du ikke finder l\u00f8sningen, s\u00e5 lav en ticket ved at sende en mail til <a rel=\"noreferrer noopener\" href=\"mailto:helpdesk@dmjx.dk\" target=\"_blank\">helpdesk@dmjx.dk<\/a><\/p>\n\n\n\n<p>Du kan ogs\u00e5 f\u00e5 support pr. telefon p\u00e5 70 23 70 07 i vores \u00e5bningstid (Mandag-torsdag: 8.30-15.00 samt fredag 08.30-14.00)<\/p>\n\n\n\n<p><\/p>\n\n\n\n<p><br>It-afdelingens opgaver er at give support i forbindelse med undervisningen (3500 brugere), og de omkring 600 computere vi har p\u00e5 h\u00f8jskolen.<\/p>\n\n\n\n<p>Vi vil meget gerne hj\u00e6lpe alle, hvis vi kan og har tid, men du m\u00e5 v\u00e6re indstillet p\u00e5, at vi ikke altid kan eller har tid. Udgangspunktet er:<\/p>\n\n\n\n<ul class=\"wp-block-list\"><li>Vi hj\u00e6lper i \u00e5bningstiden.<\/li><li>Vi kan kun hj\u00e6lpe, hvis du bruger skolens webflade.<\/li><li>Vi kan ikke hj\u00e6lpe med din private computer &#8211; eller privat materiale p\u00e5 en af skolens computere.<\/li><\/ul>\n","protected":false},"excerpt":{"rendered":"<p>Views: 4316 Har du problemer med IT &#8211; s\u00e5 kontakt os endelig i helpdesken. Du kan dog starte med at s\u00f8ge en l\u00f8sning ovenfor &#8211; og hvis du ikke finder l\u00f8sningen, s\u00e5 lav en ticket ved at sende en mail til helpdesk@dmjx.dk Du kan ogs\u00e5 f\u00e5 support pr. telefon p\u00e5 70 23 70 07 i [&hellip;]<\/p>\n","protected":false},"author":2,"featured_media":0,"parent":0,"menu_order":0,"comment_status":"closed","ping_status":"closed","template":"","meta":{"footnotes":""},"class_list":["post-22","page","type-page","status-publish","hentry"],"_links":{"self":[{"href":"https:\/\/faq.dmjx.dk\/index.php\/wp-json\/wp\/v2\/pages\/22","targetHints":{"allow":["GET"]}}],"collection":[{"href":"https:\/\/faq.dmjx.dk\/index.php\/wp-json\/wp\/v2\/pages"}],"about":[{"href":"https:\/\/faq.dmjx.dk\/index.php\/wp-json\/wp\/v2\/types\/page"}],"author":[{"embeddable":true,"href":"https:\/\/faq.dmjx.dk\/index.php\/wp-json\/wp\/v2\/users\/2"}],"replies":[{"embeddable":true,"href":"https:\/\/faq.dmjx.dk\/index.php\/wp-json\/wp\/v2\/comments?post=22"}],"version-history":[{"count":15,"href":"https:\/\/faq.dmjx.dk\/index.php\/wp-json\/wp\/v2\/pages\/22\/revisions"}],"predecessor-version":[{"id":778,"href":"https:\/\/faq.dmjx.dk\/index.php\/wp-json\/wp\/v2\/pages\/22\/revisions\/778"}],"wp:attachment":[{"href":"https:\/\/faq.dmjx.dk\/index.php\/wp-json\/wp\/v2\/media?parent=22"}],"curies":[{"name":"wp","href":"https:\/\/api.w.org\/{rel}","templated":true}]}}